{"id":14410,"date":"2025-04-21T00:52:32","date_gmt":"2025-04-21T00:52:32","guid":{"rendered":"https:\/\/cafeino.ma\/?post_type=product&#038;p=14410"},"modified":"2025-05-28T10:29:54","modified_gmt":"2025-05-28T10:29:54","slug":"sirop-the-glace-jasmin-citron-vert-1l","status":"publish","type":"product","link":"https:\/\/cafeino.ma\/en\/product\/sirop-the-glace-jasmin-citron-vert-1l\/","title":{"rendered":"Jasmine &amp; Lime Iced Tea Syrup 1L"},"content":{"rendered":"","protected":false},"excerpt":{"rendered":"<p>Un th\u00e9 glac\u00e9 d\u00e9licat et parfum\u00e9 au jasmin et citron vert \u2013 \u00e0 la fois rafra\u00eechissant et raffin\u00e9.<br \/>\nSweetbird Jasmine Lime Iced Tea Syrup combines authentic tea extract with the floral elegance of jasmine and the freshness of lime juice, creating a light and thirst-quenching drink.<br \/>\nReady in seconds\u2014just add water to create a delicious, cost-effective, and eco-friendly iced tea.<br \/>\nEach bottle makes over 40 12oz drinks, a sustainable alternative to bottled iced teas.<\/p>","protected":false},"featured_media":14411,"template":"","meta":[],"product_brand":[],"product_cat":[67],"product_tag":[],"class_list":{"0":"post-14410","1":"product","2":"type-product","3":"status-publish","4":"has-post-thumbnail","6":"product_cat-sirops","8":"first","9":"instock","10":"shipping-taxable","11":"purchasable","12":"product-type-simple"},"jetpack_sharing_enabled":true,"_links":{"self":[{"href":"https:\/\/cafeino.ma\/en\/wp-json\/wp\/v2\/product\/14410","targetHints":{"allow":["GET"]}}],"collection":[{"href":"https:\/\/cafeino.ma\/en\/wp-json\/wp\/v2\/product"}],"about":[{"href":"https:\/\/cafeino.ma\/en\/wp-json\/wp\/v2\/types\/product"}],"wp:featuredmedia":[{"embeddable":true,"href":"https:\/\/cafeino.ma\/en\/wp-json\/wp\/v2\/media\/14411"}],"wp:attachment":[{"href":"https:\/\/cafeino.ma\/en\/wp-json\/wp\/v2\/media?parent=14410"}],"wp:term":[{"taxonomy":"product_brand","embeddable":true,"href":"https:\/\/cafeino.ma\/en\/wp-json\/wp\/v2\/product_brand?post=14410"},{"taxonomy":"product_cat","embeddable":true,"href":"https:\/\/cafeino.ma\/en\/wp-json\/wp\/v2\/product_cat?post=14410"},{"taxonomy":"product_tag","embeddable":true,"href":"https:\/\/cafeino.ma\/en\/wp-json\/wp\/v2\/product_tag?post=14410"}],"curies":[{"name":"wp","href":"https:\/\/api.w.org\/{rel}","templated":true}]}}