{"id":14370,"date":"2025-04-20T19:57:30","date_gmt":"2025-04-20T19:57:30","guid":{"rendered":"https:\/\/cafeino.ma\/?post_type=product&#038;p=14370"},"modified":"2025-11-19T11:09:23","modified_gmt":"2025-11-19T11:09:23","slug":"sirop-pumpkin-spice-1l","status":"publish","type":"product","link":"https:\/\/cafeino.ma\/en\/product\/sirop-pumpkin-spice-1l\/","title":{"rendered":"Pumpkin Spice Syrup 1L"},"content":{"rendered":"","protected":false},"excerpt":{"rendered":"<p>Nous vous pr\u00e9sentons le Sweetbird Pumpkin Spice Syrup (1L) \u2013 un sirop gourmand, parfait pour vos cr\u00e9ations d\u2019automne et d\u2019hiver.<\/p>\n<p>\ud83d\udc49 Rentabilit\u00e9 \u00e9lev\u00e9e : une bouteille pr\u00e9pare plus de 30 boissons aromatis\u00e9es (lattes, frapp\u00e9s, th\u00e9s glac\u00e9s, etc.), avec une excellente marge.<br \/>\n\ud83d\udc49 Qualit\u00e9 premium : go\u00fbt authentique de citrouille relev\u00e9 d\u2019\u00e9pices chaleureuses, sans colorants ni ar\u00f4mes artificiels, certifi\u00e9 Vegan.<br \/>\n\ud83d\udc49 Livraison rapide : partout au Maroc en 24h.<br \/>\n\ud83d\udc49 Support marketing : nous pouvons cr\u00e9er pour vous un menu ou une affiche mettant en avant vos boissons signature (pumpkin spice latte, cappuccino, chocolat chaud, etc.).<\/p>","protected":false},"featured_media":14371,"template":"","meta":[],"product_brand":[],"product_cat":[67],"product_tag":[],"class_list":{"0":"post-14370","1":"product","2":"type-product","3":"status-publish","4":"has-post-thumbnail","6":"product_cat-sirops","8":"first","9":"outofstock","10":"sale","11":"shipping-taxable","12":"purchasable","13":"product-type-simple"},"jetpack_sharing_enabled":true,"_links":{"self":[{"href":"https:\/\/cafeino.ma\/en\/wp-json\/wp\/v2\/product\/14370","targetHints":{"allow":["GET"]}}],"collection":[{"href":"https:\/\/cafeino.ma\/en\/wp-json\/wp\/v2\/product"}],"about":[{"href":"https:\/\/cafeino.ma\/en\/wp-json\/wp\/v2\/types\/product"}],"wp:featuredmedia":[{"embeddable":true,"href":"https:\/\/cafeino.ma\/en\/wp-json\/wp\/v2\/media\/14371"}],"wp:attachment":[{"href":"https:\/\/cafeino.ma\/en\/wp-json\/wp\/v2\/media?parent=14370"}],"wp:term":[{"taxonomy":"product_brand","embeddable":true,"href":"https:\/\/cafeino.ma\/en\/wp-json\/wp\/v2\/product_brand?post=14370"},{"taxonomy":"product_cat","embeddable":true,"href":"https:\/\/cafeino.ma\/en\/wp-json\/wp\/v2\/product_cat?post=14370"},{"taxonomy":"product_tag","embeddable":true,"href":"https:\/\/cafeino.ma\/en\/wp-json\/wp\/v2\/product_tag?post=14370"}],"curies":[{"name":"wp","href":"https:\/\/api.w.org\/{rel}","templated":true}]}}