{"id":14294,"date":"2025-04-20T16:06:20","date_gmt":"2025-04-20T16:06:20","guid":{"rendered":"https:\/\/cafeino.ma\/?post_type=product&#038;p=14294"},"modified":"2025-09-29T17:42:14","modified_gmt":"2025-09-29T17:42:14","slug":"puree-de-bannane","status":"publish","type":"product","link":"https:\/\/cafeino.ma\/en\/product\/puree-de-bannane\/","title":{"rendered":"Banana Pur\u00e9e"},"content":{"rendered":"","protected":false},"excerpt":{"rendered":"<p>Ripe banana, indulgent notes, naturally fruity texture.<\/p>\n<p>Made with real bananas and very few ingredients, this thick and creamy pur\u00e9e is perfect for quick milkshakes, smoothies, or frapp\u00e9s. Delicious with Sticky Toffee frapp\u00e9 for a banoffee flavor, or in hot chocolate for a unique twist. Also ideal for decorating and flavoring your drinks\u2014on its own or blended with Mango &amp; Passion Fruit or Strawberry smoothies for a rich, fruity touch.<\/p>","protected":false},"featured_media":14295,"template":"","meta":[],"product_brand":[],"product_cat":[62],"product_tag":[],"class_list":{"0":"post-14294","1":"product","2":"type-product","3":"status-publish","4":"has-post-thumbnail","6":"product_cat-smoothies-et-purees-2","8":"first","9":"outofstock","10":"shipping-taxable","11":"purchasable","12":"product-type-simple"},"jetpack_sharing_enabled":true,"_links":{"self":[{"href":"https:\/\/cafeino.ma\/en\/wp-json\/wp\/v2\/product\/14294","targetHints":{"allow":["GET"]}}],"collection":[{"href":"https:\/\/cafeino.ma\/en\/wp-json\/wp\/v2\/product"}],"about":[{"href":"https:\/\/cafeino.ma\/en\/wp-json\/wp\/v2\/types\/product"}],"wp:featuredmedia":[{"embeddable":true,"href":"https:\/\/cafeino.ma\/en\/wp-json\/wp\/v2\/media\/14295"}],"wp:attachment":[{"href":"https:\/\/cafeino.ma\/en\/wp-json\/wp\/v2\/media?parent=14294"}],"wp:term":[{"taxonomy":"product_brand","embeddable":true,"href":"https:\/\/cafeino.ma\/en\/wp-json\/wp\/v2\/product_brand?post=14294"},{"taxonomy":"product_cat","embeddable":true,"href":"https:\/\/cafeino.ma\/en\/wp-json\/wp\/v2\/product_cat?post=14294"},{"taxonomy":"product_tag","embeddable":true,"href":"https:\/\/cafeino.ma\/en\/wp-json\/wp\/v2\/product_tag?post=14294"}],"curies":[{"name":"wp","href":"https:\/\/api.w.org\/{rel}","templated":true}]}}