{"id":14255,"date":"2025-04-20T15:20:55","date_gmt":"2025-04-20T15:20:55","guid":{"rendered":"https:\/\/cafeino.ma\/?post_type=product&#038;p=14255"},"modified":"2025-09-10T10:15:41","modified_gmt":"2025-09-10T10:15:41","slug":"sauce-chocolat-noir-1-9l","status":"publish","type":"product","link":"https:\/\/cafeino.ma\/en\/product\/sauce-chocolat-noir-1-9l\/","title":{"rendered":"Dark Chocolate Sauce 1.9L"},"content":{"rendered":"","protected":false},"excerpt":{"rendered":"<p>Rich, intense, and incredibly versatile.<\/p>\n<p>Notre sauce chocolat noir est sucr\u00e9e, cr\u00e9meuse et ultra polyvalente. Parfaite dans les mochas, chocolats chauds, milkshakes et frapp\u00e9s. Elle est id\u00e9ale pour cr\u00e9er un d\u00e9licieux chocolat chaud blanc ou en filet pour une touche finale gourmande<\/p>","protected":false},"featured_media":14256,"template":"","meta":[],"product_brand":[],"product_cat":[61],"product_tag":[],"class_list":{"0":"post-14255","1":"product","2":"type-product","3":"status-publish","4":"has-post-thumbnail","6":"product_cat-sauces","8":"first","9":"instock","10":"shipping-taxable","11":"purchasable","12":"product-type-simple"},"jetpack_sharing_enabled":true,"_links":{"self":[{"href":"https:\/\/cafeino.ma\/en\/wp-json\/wp\/v2\/product\/14255","targetHints":{"allow":["GET"]}}],"collection":[{"href":"https:\/\/cafeino.ma\/en\/wp-json\/wp\/v2\/product"}],"about":[{"href":"https:\/\/cafeino.ma\/en\/wp-json\/wp\/v2\/types\/product"}],"wp:featuredmedia":[{"embeddable":true,"href":"https:\/\/cafeino.ma\/en\/wp-json\/wp\/v2\/media\/14256"}],"wp:attachment":[{"href":"https:\/\/cafeino.ma\/en\/wp-json\/wp\/v2\/media?parent=14255"}],"wp:term":[{"taxonomy":"product_brand","embeddable":true,"href":"https:\/\/cafeino.ma\/en\/wp-json\/wp\/v2\/product_brand?post=14255"},{"taxonomy":"product_cat","embeddable":true,"href":"https:\/\/cafeino.ma\/en\/wp-json\/wp\/v2\/product_cat?post=14255"},{"taxonomy":"product_tag","embeddable":true,"href":"https:\/\/cafeino.ma\/en\/wp-json\/wp\/v2\/product_tag?post=14255"}],"curies":[{"name":"wp","href":"https:\/\/api.w.org\/{rel}","templated":true}]}}