{"id":14234,"date":"2025-05-20T14:53:14","date_gmt":"2025-05-20T14:53:14","guid":{"rendered":"https:\/\/cafeino.ma\/?post_type=product&#038;p=14234"},"modified":"2025-09-26T11:41:06","modified_gmt":"2025-09-26T11:41:06","slug":"matcha-verte-100g","status":"publish","type":"product","link":"https:\/\/cafeino.ma\/en\/product\/matcha-verte-100g\/","title":{"rendered":"Zuma Matcha Powder 100G"},"content":{"rendered":"","protected":false},"excerpt":{"rendered":"<p>Nous vous pr\u00e9sentons le Zuma Matcha Powder (100g) \u2013 un matcha japonais premium, 100% pur, d\u00e9j\u00e0 adopt\u00e9 par les coffee shops dans le monde entier.<\/p>\n<p>\ud83d\udc49 Rentabilit\u00e9 \u00e9lev\u00e9e : un sachet pr\u00e9pare environ 33 boissons, avec d\u2019excellentes marges.<br \/>\n\ud83d\udc49 Qualit\u00e9 premium : go\u00fbt \u00e9quilibr\u00e9, riche en antioxydants, certifi\u00e9 Vegan.<br \/>\n\ud83d\udc49 Livraison rapide : partout au Maroc en 24h.<br \/>\n\ud83d\udc49 Support marketing : nous pouvons cr\u00e9er pour vous un menu ou une affiche pour mettre en avant vos boissons matcha (latte, frapp\u00e9, glac\u00e9, etc.).<\/p>","protected":false},"featured_media":14235,"template":"","meta":[],"product_brand":[],"product_cat":[65],"product_tag":[],"class_list":{"0":"post-14234","1":"product","2":"type-product","3":"status-publish","4":"has-post-thumbnail","6":"product_cat-matcha-et-chai","8":"first","9":"instock","10":"sale","11":"shipping-taxable","12":"purchasable","13":"product-type-simple"},"jetpack_sharing_enabled":true,"_links":{"self":[{"href":"https:\/\/cafeino.ma\/en\/wp-json\/wp\/v2\/product\/14234","targetHints":{"allow":["GET"]}}],"collection":[{"href":"https:\/\/cafeino.ma\/en\/wp-json\/wp\/v2\/product"}],"about":[{"href":"https:\/\/cafeino.ma\/en\/wp-json\/wp\/v2\/types\/product"}],"wp:featuredmedia":[{"embeddable":true,"href":"https:\/\/cafeino.ma\/en\/wp-json\/wp\/v2\/media\/14235"}],"wp:attachment":[{"href":"https:\/\/cafeino.ma\/en\/wp-json\/wp\/v2\/media?parent=14234"}],"wp:term":[{"taxonomy":"product_brand","embeddable":true,"href":"https:\/\/cafeino.ma\/en\/wp-json\/wp\/v2\/product_brand?post=14234"},{"taxonomy":"product_cat","embeddable":true,"href":"https:\/\/cafeino.ma\/en\/wp-json\/wp\/v2\/product_cat?post=14234"},{"taxonomy":"product_tag","embeddable":true,"href":"https:\/\/cafeino.ma\/en\/wp-json\/wp\/v2\/product_tag?post=14234"}],"curies":[{"name":"wp","href":"https:\/\/api.w.org\/{rel}","templated":true}]}}